{"id":366,"date":"2025-01-27T10:27:14","date_gmt":"2025-01-27T10:27:14","guid":{"rendered":"https:\/\/www.pruebasexcelencia.es\/?page_id=366"},"modified":"2026-03-05T14:49:57","modified_gmt":"2026-03-05T14:49:57","slug":"prestaciones","status":"publish","type":"page","link":"https:\/\/mutuasancristobal.com\/index.php\/prestaciones\/","title":{"rendered":"Actas"},"content":{"rendered":"\t\t<div data-elementor-type=\"wp-page\" data-elementor-id=\"366\" class=\"elementor elementor-366\">\n\t\t\t\t<div class=\"elementor-element elementor-element-f23a653 e-con-full e-flex e-con e-parent\" data-id=\"f23a653\" data-element_type=\"container\" data-e-type=\"container\" data-settings=\"{&quot;background_background&quot;:&quot;classic&quot;}\">\n\t\t<div class=\"elementor-element elementor-element-75f51ea e-grid e-con-boxed e-con e-child\" data-id=\"75f51ea\" data-element_type=\"container\" data-e-type=\"container\">\n\t\t\t\t\t<div class=\"e-con-inner\">\n\t\t\t\t\t<\/div>\n\t\t\t\t<\/div>\n\t\t\t\t<\/div>\n\t\t<div class=\"elementor-element elementor-element-54dahng e-flex e-con-boxed e-con e-parent\" data-id=\"54dahng\" data-element_type=\"container\" data-e-type=\"container\" data-settings=\"{&quot;background_background&quot;:&quot;gradient&quot;}\">\n\t\t\t\t\t<div class=\"e-con-inner\">\n\t\t<div class=\"elementor-element elementor-element-4af965e e-con-full e-flex e-con e-child\" data-id=\"4af965e\" data-element_type=\"container\" data-e-type=\"container\">\n\t\t\t\t<div class=\"elementor-element elementor-element-cf5801b elementor-widget elementor-widget-heading\" data-id=\"cf5801b\" data-element_type=\"widget\" data-e-type=\"widget\" data-widget_type=\"heading.default\">\n\t\t\t\t<div class=\"elementor-widget-container\">\n\t\t\t\t\t<h1 class=\"elementor-heading-title elementor-size-default\">Actas de reuniones de la Junta de Gobierno \u2013 Mutua San Crist\u00f3bal de Rep\u00e9lega <\/h1>\t\t\t\t<\/div>\n\t\t\t\t<\/div>\n\t\t\t\t<div class=\"elementor-element elementor-element-ac2d085 elementor-widget elementor-widget-text-editor\" data-id=\"ac2d085\" data-element_type=\"widget\" data-e-type=\"widget\" data-widget_type=\"text-editor.default\">\n\t\t\t\t<div class=\"elementor-widget-container\">\n\t\t\t\t\t\t\t\t\t<p data-start=\"419\" data-end=\"631\">En esta secci\u00f3n se publican las <strong data-start=\"451\" data-end=\"564\">actas y convocatorias de las reuniones de la Junta de Gobierno de la Mutua San Crist\u00f3bal de Rep\u00e9lega E.P.S.V.<\/strong>, entidad de previsi\u00f3n social voluntaria sin actividad aseguradora.<\/p><p data-start=\"633\" data-end=\"784\">Las reuniones se celebran peri\u00f3dicamente a lo largo del a\u00f1o para tratar asuntos relacionados con la gesti\u00f3n, organizaci\u00f3n y funcionamiento de la mutua.<\/p><p data-start=\"786\" data-end=\"876\">A continuaci\u00f3n se muestra el <strong data-start=\"815\" data-end=\"875\">listado cronol\u00f3gico de reuniones celebradas durante 2026<\/strong>.<\/p>\t\t\t\t\t\t\t\t<\/div>\n\t\t\t\t<\/div>\n\t\t<div class=\"elementor-element elementor-element-81fbd19 e-con-full e-flex e-con e-child\" data-id=\"81fbd19\" data-element_type=\"container\" data-e-type=\"container\">\n\t\t\t\t<div class=\"elementor-element elementor-element-2ef9942 elementor-widget elementor-widget-heading\" data-id=\"2ef9942\" data-element_type=\"widget\" data-e-type=\"widget\" data-widget_type=\"heading.default\">\n\t\t\t\t<div class=\"elementor-widget-container\">\n\t\t\t\t\t<h2 class=\"elementor-heading-title elementor-size-default\"><a href=\"https:\/\/mutuasancristobal.com\/wp-content\/uploads\/2026\/03\/ACTAS-2026_02.pdf\">Febrero 2026 - Reuni\u00f3n de la Junta de Gobierno<\/a><\/h2>\t\t\t\t<\/div>\n\t\t\t\t<\/div>\n\t\t\t\t<\/div>\n\t\t\t\t<div class=\"elementor-element elementor-element-2390b74 elementor-widget-divider--view-line elementor-widget elementor-widget-divider\" data-id=\"2390b74\" data-element_type=\"widget\" data-e-type=\"widget\" data-widget_type=\"divider.default\">\n\t\t\t\t<div class=\"elementor-widget-container\">\n\t\t\t\t\t\t\t<div class=\"elementor-divider\">\n\t\t\t<span class=\"elementor-divider-separator\">\n\t\t\t\t\t\t<\/span>\n\t\t<\/div>\n\t\t\t\t\t\t<\/div>\n\t\t\t\t<\/div>\n\t\t\t\t<div class=\"elementor-element elementor-element-6aab7bd elementor-widget elementor-widget-heading\" data-id=\"6aab7bd\" data-element_type=\"widget\" data-e-type=\"widget\" data-widget_type=\"heading.default\">\n\t\t\t\t<div class=\"elementor-widget-container\">\n\t\t\t\t\t<h2 class=\"elementor-heading-title elementor-size-default\"><a href=\"https:\/\/mutuasancristobal.com\/wp-content\/uploads\/2026\/03\/ACTAS-2026_01.pdf\">Enero 2026 - Reuni\u00f3n de la Junta de Gobierno<\/a><\/h2>\t\t\t\t<\/div>\n\t\t\t\t<\/div>\n\t\t<div class=\"elementor-element elementor-element-7ba67d0 e-con-full e-flex e-con e-child\" data-id=\"7ba67d0\" data-element_type=\"container\" data-e-type=\"container\">\n\t\t\t\t<div class=\"elementor-element elementor-element-5b35518 elementor-widget-divider--view-line elementor-widget elementor-widget-divider\" data-id=\"5b35518\" data-element_type=\"widget\" data-e-type=\"widget\" data-widget_type=\"divider.default\">\n\t\t\t\t<div class=\"elementor-widget-container\">\n\t\t\t\t\t\t\t<div class=\"elementor-divider\">\n\t\t\t<span class=\"elementor-divider-separator\">\n\t\t\t\t\t\t<\/span>\n\t\t<\/div>\n\t\t\t\t\t\t<\/div>\n\t\t\t\t<\/div>\n\t\t\t\t<\/div>\n\t\t\t\t<\/div>\n\t\t\t\t\t<\/div>\n\t\t\t\t<\/div>\n\t\t<div class=\"elementor-element elementor-element-512d3dc2 e-con-full e-flex e-con e-parent\" data-id=\"512d3dc2\" data-element_type=\"container\" data-e-type=\"container\">\n\t\t\t\t<div class=\"elementor-element elementor-element-536a33d7 elementor-widget elementor-widget-html\" data-id=\"536a33d7\" data-element_type=\"widget\" data-e-type=\"widget\" data-widget_type=\"html.default\">\n\t\t\t\t<div class=\"elementor-widget-container\">\n\t\t\t\t\t<iframe src=\"https:\/\/www.google.com\/maps\/embed?pb=!1m18!1m12!1m3!1d2902.9454441284115!2d-3.0192082865471264!3d43.31540147409013!2m3!1f0!2f0!3f0!3m2!1i1024!2i768!4f13.1!3m3!1m2!1s0xd4e5a27684eb557%3A0xbbe2a03c56863b1e!2sMutua%20de%20Previsi%C3%B3n%20Social%20San%20Crist%C3%B3bal!5e0!3m2!1ses!2ses!4v1737968395289!5m2!1ses!2ses\" width=\"600\" height=\"450\" style=\"border:0;\" allowfullscreen=\"\" loading=\"lazy\" referrerpolicy=\"no-referrer-when-downgrade\"><\/iframe>\t\t\t\t<\/div>\n\t\t\t\t<\/div>\n\t\t\t\t<\/div>\n\t\t<div class=\"elementor-element elementor-element-1733ffc8 e-flex e-con-boxed e-con e-parent\" data-id=\"1733ffc8\" data-element_type=\"container\" data-e-type=\"container\" data-settings=\"{&quot;background_background&quot;:&quot;classic&quot;}\">\n\t\t\t\t\t<div class=\"e-con-inner\">\n\t\t\t\t<div class=\"elementor-element elementor-element-75841062 elementor-widget elementor-widget-heading\" data-id=\"75841062\" data-element_type=\"widget\" data-e-type=\"widget\" data-widget_type=\"heading.default\">\n\t\t\t\t<div class=\"elementor-widget-container\">\n\t\t\t\t\t<h2 class=\"elementor-heading-title elementor-size-default\">\u00bfTienes alguna consulta o necesitas un presupuesto? <\/h2>\t\t\t\t<\/div>\n\t\t\t\t<\/div>\n\t\t\t\t<div class=\"elementor-element elementor-element-53fd345b elementor-widget elementor-widget-text-editor\" data-id=\"53fd345b\" data-element_type=\"widget\" data-e-type=\"widget\" data-widget_type=\"text-editor.default\">\n\t\t\t\t<div class=\"elementor-widget-container\">\n\t\t\t\t\t\t\t\t\t<p>Cont\u00e1ctanos a trav\u00e9s de nuestro formulario y te responderemos a la mayor brevedad posible.<\/p>\t\t\t\t\t\t\t\t<\/div>\n\t\t\t\t<\/div>\n\t\t\t\t<div class=\"elementor-element elementor-element-6107c142 elementor-widget elementor-widget-wpforms\" data-id=\"6107c142\" data-element_type=\"widget\" data-e-type=\"widget\" data-widget_type=\"wpforms.default\">\n\t\t\t\t<div class=\"elementor-widget-container\">\n\t\t\t\t\t<style id=\"wpforms-css-vars-elementor-widget-6107c142\">\n\t\t\t\t.elementor-widget-wpforms.elementor-element-6107c142 {\n\t\t\t\t--wpforms-field-size-input-height: 50px;\n--wpforms-field-size-input-spacing: 20px;\n--wpforms-field-size-font-size: 18px;\n--wpforms-field-size-line-height: 21px;\n--wpforms-field-size-padding-h: 14px;\n--wpforms-field-size-checkbox-size: 18px;\n--wpforms-field-size-sublabel-spacing: 10px;\n--wpforms-field-size-icon-size: 1.25;\n\t\t\t}\n\t\t\t<\/style><div class=\"wpforms-container wpforms-container-full wpforms-render-modern\" id=\"wpforms-555\"><form id=\"wpforms-form-555\" class=\"wpforms-validate wpforms-form wpforms-ajax-form\" data-formid=\"555\" method=\"post\" enctype=\"multipart\/form-data\" action=\"\/index.php\/wp-json\/wp\/v2\/pages\/366\" data-token=\"495df3eaa61e21e58e613efdcaa8feab\" data-token-time=\"1776517288\"><noscript class=\"wpforms-error-noscript\">Por favor, activa JavaScript en tu navegador para completar este formulario.<\/noscript><div id=\"wpforms-error-noscript\" style=\"display: none;\">Por favor, activa JavaScript en tu navegador para completar este formulario.<\/div><div class=\"wpforms-field-container\"><div id=\"wpforms-555-field_1-container\" class=\"wpforms-field wpforms-field-name\" data-field-id=\"1\"><fieldset><legend class=\"wpforms-field-label\">Nombre y Apellidos <span class=\"wpforms-required-label\" aria-hidden=\"true\">*<\/span><\/legend><div class=\"wpforms-field-row wpforms-field-large\"><div class=\"wpforms-field-row-block wpforms-first wpforms-one-half\"><input type=\"text\" id=\"wpforms-555-field_1\" class=\"wpforms-field-name-first wpforms-field-required\" name=\"wpforms[fields][1][first]\" aria-errormessage=\"wpforms-555-field_1-error\" required><label for=\"wpforms-555-field_1\" class=\"wpforms-field-sublabel after\">Nombre<\/label><\/div><div class=\"wpforms-field-row-block wpforms-one-half\"><input type=\"text\" id=\"wpforms-555-field_1-last\" class=\"wpforms-field-name-last wpforms-field-required\" name=\"wpforms[fields][1][last]\" aria-errormessage=\"wpforms-555-field_1-last-error\" required><label for=\"wpforms-555-field_1-last\" class=\"wpforms-field-sublabel after\">Apellidos<\/label><\/div><\/div><\/fieldset><\/div>\t\t<div id=\"wpforms-555-field_4-container\"\n\t\t\tclass=\"wpforms-field wpforms-field-text\"\n\t\t\tdata-field-type=\"text\"\n\t\t\tdata-field-id=\"4\"\n\t\t\t>\n\t\t\t<label class=\"wpforms-field-label\" for=\"wpforms-555-field_4\" >y electr\u00f3nico mensaje<\/label>\n\t\t\t<input type=\"text\" id=\"wpforms-555-field_4\" class=\"wpforms-field-medium\" name=\"wpforms[fields][4]\" >\n\t\t<\/div>\n\t\t<div id=\"wpforms-555-field_2-container\" class=\"wpforms-field wpforms-field-email\" data-field-id=\"2\"><label class=\"wpforms-field-label\" for=\"wpforms-555-field_2\">Correo electr\u00f3nico <span class=\"wpforms-required-label\" aria-hidden=\"true\">*<\/span><\/label><input type=\"email\" id=\"wpforms-555-field_2\" class=\"wpforms-field-large wpforms-field-required\" name=\"wpforms[fields][2]\" spellcheck=\"false\" aria-errormessage=\"wpforms-555-field_2-error\" required><\/div><div id=\"wpforms-555-field_3-container\" class=\"wpforms-field wpforms-field-textarea\" data-field-id=\"3\"><label class=\"wpforms-field-label\" for=\"wpforms-555-field_3\">Comentario o mensaje<\/label><textarea id=\"wpforms-555-field_3\" class=\"wpforms-field-medium\" name=\"wpforms[fields][3]\" aria-errormessage=\"wpforms-555-field_3-error\" ><\/textarea><\/div><script>\n\t\t\t\t( function() {\n\t\t\t\t\tconst style = document.createElement( 'style' );\n\t\t\t\t\tstyle.appendChild( document.createTextNode( '#wpforms-555-field_4-container { position: absolute !important; overflow: hidden !important; display: inline !important; height: 1px !important; width: 1px !important; z-index: -1000 !important; padding: 0 !important; } #wpforms-555-field_4-container input { visibility: hidden; } #wpforms-conversational-form-page #wpforms-555-field_4-container label { counter-increment: none; }' ) );\n\t\t\t\t\tdocument.head.appendChild( style );\n\t\t\t\t\tdocument.currentScript?.remove();\n\t\t\t\t} )();\n\t\t\t<\/script><\/div><!-- .wpforms-field-container --><div class=\"wpforms-recaptcha-container wpforms-is-recaptcha wpforms-is-recaptcha-type-v2\" ><div class=\"g-recaptcha\" data-sitekey=\"6Ld5N_UrAAAAAGUywKQl_CIRL7RXNx_dLwGY0iRO\"><\/div><input type=\"text\" name=\"g-recaptcha-hidden\" class=\"wpforms-recaptcha-hidden\" style=\"position:absolute!important;clip:rect(0,0,0,0)!important;height:1px!important;width:1px!important;border:0!important;overflow:hidden!important;padding:0!important;margin:0!important;\" data-rule-recaptcha=\"1\"><\/div><div class=\"wpforms-submit-container\" ><input type=\"hidden\" name=\"wpforms[id]\" value=\"555\"><input type=\"hidden\" name=\"page_title\" value=\"\"><input type=\"hidden\" name=\"page_url\" value=\"https:\/\/mutuasancristobal.com\/index.php\/wp-json\/wp\/v2\/pages\/366\"><input type=\"hidden\" name=\"url_referer\" value=\"\"><input type=\"hidden\" name=\"_wpforms_time\" value=\"1776517288\"><button type=\"submit\" name=\"wpforms[submit]\" id=\"wpforms-submit-555\" class=\"wpforms-submit\" data-alt-text=\"Enviando...\" data-submit-text=\"Enviar\" aria-live=\"assertive\" value=\"wpforms-submit\">Enviar<\/button><img decoding=\"async\" src=\"https:\/\/mutuasancristobal.com\/wp-content\/plugins\/wpforms-lite\/assets\/images\/submit-spin.svg\" class=\"wpforms-submit-spinner\" style=\"display: none;\" width=\"26\" height=\"26\" alt=\"Cargando\"><\/div><\/form><\/div>  <!-- .wpforms-container -->\t\t\t\t<\/div>\n\t\t\t\t<\/div>\n\t\t\t\t\t<\/div>\n\t\t\t\t<\/div>\n\t\t\t\t<\/div>\n\t\t","protected":false},"excerpt":{"rendered":"<p>Actas de reuniones de la Junta de Gobierno \u2013 Mutua San Crist\u00f3bal de Rep\u00e9lega En esta secci\u00f3n se publican las [&hellip;]<\/p>\n","protected":false},"author":1,"featured_media":0,"parent":0,"menu_order":0,"comment_status":"closed","ping_status":"closed","template":"","meta":{"_uag_custom_page_level_css":"","site-sidebar-layout":"no-sidebar","site-content-layout":"","ast-site-content-layout":"full-width-container","site-content-style":"default","site-sidebar-style":"default","ast-global-header-display":"","ast-banner-title-visibility":"","ast-main-header-display":"","ast-hfb-above-header-display":"","ast-hfb-below-header-display":"","ast-hfb-mobile-header-display":"","site-post-title":"disabled","ast-breadcrumbs-content":"","ast-featured-img":"disabled","footer-sml-layout":"","ast-disable-related-posts":"","theme-transparent-header-meta":"","adv-header-id-meta":"","stick-header-meta":"","header-above-stick-meta":"","header-main-stick-meta":"","header-below-stick-meta":"","astra-migrate-meta-layouts":"default","ast-page-background-enabled":"default","ast-page-background-meta":{"desktop":{"background-color":"var(--ast-global-color-5)","background-image":"","background-repeat":"repeat","background-position":"center center","background-size":"auto","background-attachment":"scroll","background-type":"","background-media":"","overlay-type":"","overlay-color":"","overlay-opacity":"","overlay-gradient":""},"tablet":{"background-color":"","background-image":"","background-repeat":"repeat","background-position":"center center","background-size":"auto","background-attachment":"scroll","background-type":"","background-media":"","overlay-type":"","overlay-color":"","overlay-opacity":"","overlay-gradient":""},"mobile":{"background-color":"","background-image":"","background-repeat":"repeat","background-position":"center center","background-size":"auto","background-attachment":"scroll","background-type":"","background-media":"","overlay-type":"","overlay-color":"","overlay-opacity":"","overlay-gradient":""}},"ast-content-background-meta":{"desktop":{"background-color":"var(--ast-global-color-4)","background-image":"","background-repeat":"repeat","background-position":"center center","background-size":"auto","background-attachment":"scroll","background-type":"","background-media":"","overlay-type":"","overlay-color":"","overlay-opacity":"","overlay-gradient":""},"tablet":{"background-color":"var(--ast-global-color-4)","background-image":"","background-repeat":"repeat","background-position":"center center","background-size":"auto","background-attachment":"scroll","background-type":"","background-media":"","overlay-type":"","overlay-color":"","overlay-opacity":"","overlay-gradient":""},"mobile":{"background-color":"var(--ast-global-color-4)","background-image":"","background-repeat":"repeat","background-position":"center center","background-size":"auto","background-attachment":"scroll","background-type":"","background-media":"","overlay-type":"","overlay-color":"","overlay-opacity":"","overlay-gradient":""}},"footnotes":""},"class_list":["post-366","page","type-page","status-publish","hentry"],"yoast_head":"<!-- This site is optimized with the Yoast SEO plugin v27.4 - https:\/\/yoast.com\/product\/yoast-seo-wordpress\/ -->\n<title>Actas - Mutua San Cristobal<\/title>\n<meta name=\"robots\" content=\"index, follow, max-snippet:-1, max-image-preview:large, max-video-preview:-1\" \/>\n<link rel=\"canonical\" href=\"https:\/\/mutuasancristobal.com\/index.php\/prestaciones\/\" \/>\n<meta property=\"og:locale\" content=\"es_ES\" \/>\n<meta property=\"og:type\" content=\"article\" \/>\n<meta property=\"og:title\" content=\"Actas - Mutua San Cristobal\" \/>\n<meta property=\"og:description\" content=\"Actas de reuniones de la Junta de Gobierno \u2013 Mutua San Crist\u00f3bal de Rep\u00e9lega En esta secci\u00f3n se publican las [&hellip;]\" \/>\n<meta property=\"og:url\" content=\"https:\/\/mutuasancristobal.com\/index.php\/prestaciones\/\" \/>\n<meta property=\"og:site_name\" content=\"Mutua San Cristobal\" \/>\n<meta property=\"article:modified_time\" content=\"2026-03-05T14:49:57+00:00\" \/>\n<meta property=\"og:image\" content=\"https:\/\/mutuasancristobal.com\/wp-content\/plugins\/wpforms-lite\/assets\/images\/submit-spin.svg\" \/>\n<meta name=\"twitter:card\" content=\"summary_large_image\" \/>\n<meta name=\"twitter:label1\" content=\"Tiempo de lectura\" \/>\n\t<meta name=\"twitter:data1\" content=\"1 minuto\" \/>\n<script type=\"application\/ld+json\" class=\"yoast-schema-graph\">{\"@context\":\"https:\\\/\\\/schema.org\",\"@graph\":[{\"@type\":\"WebPage\",\"@id\":\"https:\\\/\\\/mutuasancristobal.com\\\/index.php\\\/prestaciones\\\/\",\"url\":\"https:\\\/\\\/mutuasancristobal.com\\\/index.php\\\/prestaciones\\\/\",\"name\":\"Actas - Mutua San Cristobal\",\"isPartOf\":{\"@id\":\"https:\\\/\\\/mutuasancristobal.com\\\/#website\"},\"primaryImageOfPage\":{\"@id\":\"https:\\\/\\\/mutuasancristobal.com\\\/index.php\\\/prestaciones\\\/#primaryimage\"},\"image\":{\"@id\":\"https:\\\/\\\/mutuasancristobal.com\\\/index.php\\\/prestaciones\\\/#primaryimage\"},\"thumbnailUrl\":\"https:\\\/\\\/mutuasancristobal.com\\\/wp-content\\\/plugins\\\/wpforms-lite\\\/assets\\\/images\\\/submit-spin.svg\",\"datePublished\":\"2025-01-27T10:27:14+00:00\",\"dateModified\":\"2026-03-05T14:49:57+00:00\",\"breadcrumb\":{\"@id\":\"https:\\\/\\\/mutuasancristobal.com\\\/index.php\\\/prestaciones\\\/#breadcrumb\"},\"inLanguage\":\"es\",\"potentialAction\":[{\"@type\":\"ReadAction\",\"target\":[\"https:\\\/\\\/mutuasancristobal.com\\\/index.php\\\/prestaciones\\\/\"]}]},{\"@type\":\"ImageObject\",\"inLanguage\":\"es\",\"@id\":\"https:\\\/\\\/mutuasancristobal.com\\\/index.php\\\/prestaciones\\\/#primaryimage\",\"url\":\"https:\\\/\\\/mutuasancristobal.com\\\/wp-content\\\/plugins\\\/wpforms-lite\\\/assets\\\/images\\\/submit-spin.svg\",\"contentUrl\":\"https:\\\/\\\/mutuasancristobal.com\\\/wp-content\\\/plugins\\\/wpforms-lite\\\/assets\\\/images\\\/submit-spin.svg\"},{\"@type\":\"BreadcrumbList\",\"@id\":\"https:\\\/\\\/mutuasancristobal.com\\\/index.php\\\/prestaciones\\\/#breadcrumb\",\"itemListElement\":[{\"@type\":\"ListItem\",\"position\":1,\"name\":\"Portada\",\"item\":\"https:\\\/\\\/mutuasancristobal.com\\\/\"},{\"@type\":\"ListItem\",\"position\":2,\"name\":\"Actas\"}]},{\"@type\":\"WebSite\",\"@id\":\"https:\\\/\\\/mutuasancristobal.com\\\/#website\",\"url\":\"https:\\\/\\\/mutuasancristobal.com\\\/\",\"name\":\"Mutua San Cristobal\",\"description\":\"Seguro Funerario completo y econ\u00f3mico\",\"publisher\":{\"@id\":\"https:\\\/\\\/mutuasancristobal.com\\\/#organization\"},\"potentialAction\":[{\"@type\":\"SearchAction\",\"target\":{\"@type\":\"EntryPoint\",\"urlTemplate\":\"https:\\\/\\\/mutuasancristobal.com\\\/?s={search_term_string}\"},\"query-input\":{\"@type\":\"PropertyValueSpecification\",\"valueRequired\":true,\"valueName\":\"search_term_string\"}}],\"inLanguage\":\"es\"},{\"@type\":\"Organization\",\"@id\":\"https:\\\/\\\/mutuasancristobal.com\\\/#organization\",\"name\":\"Mutua San Cristobal\",\"url\":\"https:\\\/\\\/mutuasancristobal.com\\\/\",\"logo\":{\"@type\":\"ImageObject\",\"inLanguage\":\"es\",\"@id\":\"https:\\\/\\\/mutuasancristobal.com\\\/#\\\/schema\\\/logo\\\/image\\\/\",\"url\":\"https:\\\/\\\/mutuasancristobal.com\\\/wp-content\\\/uploads\\\/2025\\\/01\\\/cropped-Logo-scaled.png\",\"contentUrl\":\"https:\\\/\\\/mutuasancristobal.com\\\/wp-content\\\/uploads\\\/2025\\\/01\\\/cropped-Logo-scaled.png\",\"width\":2560,\"height\":852,\"caption\":\"Mutua San Cristobal\"},\"image\":{\"@id\":\"https:\\\/\\\/mutuasancristobal.com\\\/#\\\/schema\\\/logo\\\/image\\\/\"}}]}<\/script>\n<!-- \/ Yoast SEO plugin. -->","yoast_head_json":{"title":"Actas - Mutua San Cristobal","robots":{"index":"index","follow":"follow","max-snippet":"max-snippet:-1","max-image-preview":"max-image-preview:large","max-video-preview":"max-video-preview:-1"},"canonical":"https:\/\/mutuasancristobal.com\/index.php\/prestaciones\/","og_locale":"es_ES","og_type":"article","og_title":"Actas - Mutua San Cristobal","og_description":"Actas de reuniones de la Junta de Gobierno \u2013 Mutua San Crist\u00f3bal de Rep\u00e9lega En esta secci\u00f3n se publican las [&hellip;]","og_url":"https:\/\/mutuasancristobal.com\/index.php\/prestaciones\/","og_site_name":"Mutua San Cristobal","article_modified_time":"2026-03-05T14:49:57+00:00","og_image":[{"url":"https:\/\/mutuasancristobal.com\/wp-content\/plugins\/wpforms-lite\/assets\/images\/submit-spin.svg","type":"","width":"","height":""}],"twitter_card":"summary_large_image","twitter_misc":{"Tiempo de lectura":"1 minuto"},"schema":{"@context":"https:\/\/schema.org","@graph":[{"@type":"WebPage","@id":"https:\/\/mutuasancristobal.com\/index.php\/prestaciones\/","url":"https:\/\/mutuasancristobal.com\/index.php\/prestaciones\/","name":"Actas - Mutua San Cristobal","isPartOf":{"@id":"https:\/\/mutuasancristobal.com\/#website"},"primaryImageOfPage":{"@id":"https:\/\/mutuasancristobal.com\/index.php\/prestaciones\/#primaryimage"},"image":{"@id":"https:\/\/mutuasancristobal.com\/index.php\/prestaciones\/#primaryimage"},"thumbnailUrl":"https:\/\/mutuasancristobal.com\/wp-content\/plugins\/wpforms-lite\/assets\/images\/submit-spin.svg","datePublished":"2025-01-27T10:27:14+00:00","dateModified":"2026-03-05T14:49:57+00:00","breadcrumb":{"@id":"https:\/\/mutuasancristobal.com\/index.php\/prestaciones\/#breadcrumb"},"inLanguage":"es","potentialAction":[{"@type":"ReadAction","target":["https:\/\/mutuasancristobal.com\/index.php\/prestaciones\/"]}]},{"@type":"ImageObject","inLanguage":"es","@id":"https:\/\/mutuasancristobal.com\/index.php\/prestaciones\/#primaryimage","url":"https:\/\/mutuasancristobal.com\/wp-content\/plugins\/wpforms-lite\/assets\/images\/submit-spin.svg","contentUrl":"https:\/\/mutuasancristobal.com\/wp-content\/plugins\/wpforms-lite\/assets\/images\/submit-spin.svg"},{"@type":"BreadcrumbList","@id":"https:\/\/mutuasancristobal.com\/index.php\/prestaciones\/#breadcrumb","itemListElement":[{"@type":"ListItem","position":1,"name":"Portada","item":"https:\/\/mutuasancristobal.com\/"},{"@type":"ListItem","position":2,"name":"Actas"}]},{"@type":"WebSite","@id":"https:\/\/mutuasancristobal.com\/#website","url":"https:\/\/mutuasancristobal.com\/","name":"Mutua San Cristobal","description":"Seguro Funerario completo y econ\u00f3mico","publisher":{"@id":"https:\/\/mutuasancristobal.com\/#organization"},"potentialAction":[{"@type":"SearchAction","target":{"@type":"EntryPoint","urlTemplate":"https:\/\/mutuasancristobal.com\/?s={search_term_string}"},"query-input":{"@type":"PropertyValueSpecification","valueRequired":true,"valueName":"search_term_string"}}],"inLanguage":"es"},{"@type":"Organization","@id":"https:\/\/mutuasancristobal.com\/#organization","name":"Mutua San Cristobal","url":"https:\/\/mutuasancristobal.com\/","logo":{"@type":"ImageObject","inLanguage":"es","@id":"https:\/\/mutuasancristobal.com\/#\/schema\/logo\/image\/","url":"https:\/\/mutuasancristobal.com\/wp-content\/uploads\/2025\/01\/cropped-Logo-scaled.png","contentUrl":"https:\/\/mutuasancristobal.com\/wp-content\/uploads\/2025\/01\/cropped-Logo-scaled.png","width":2560,"height":852,"caption":"Mutua San Cristobal"},"image":{"@id":"https:\/\/mutuasancristobal.com\/#\/schema\/logo\/image\/"}}]}},"uagb_featured_image_src":{"full":false,"thumbnail":false,"medium":false,"medium_large":false,"large":false,"1536x1536":false,"2048x2048":false},"uagb_author_info":{"display_name":"MutuaS_Admin","author_link":"https:\/\/mutuasancristobal.com\/index.php\/author\/admin\/"},"uagb_comment_info":0,"uagb_excerpt":"Actas de reuniones de la Junta de Gobierno \u2013 Mutua San Crist\u00f3bal de Rep\u00e9lega En esta secci\u00f3n se publican las [&hellip;]","_links":{"self":[{"href":"https:\/\/mutuasancristobal.com\/index.php\/wp-json\/wp\/v2\/pages\/366","targetHints":{"allow":["GET"]}}],"collection":[{"href":"https:\/\/mutuasancristobal.com\/index.php\/wp-json\/wp\/v2\/pages"}],"about":[{"href":"https:\/\/mutuasancristobal.com\/index.php\/wp-json\/wp\/v2\/types\/page"}],"author":[{"embeddable":true,"href":"https:\/\/mutuasancristobal.com\/index.php\/wp-json\/wp\/v2\/users\/1"}],"replies":[{"embeddable":true,"href":"https:\/\/mutuasancristobal.com\/index.php\/wp-json\/wp\/v2\/comments?post=366"}],"version-history":[{"count":28,"href":"https:\/\/mutuasancristobal.com\/index.php\/wp-json\/wp\/v2\/pages\/366\/revisions"}],"predecessor-version":[{"id":1517,"href":"https:\/\/mutuasancristobal.com\/index.php\/wp-json\/wp\/v2\/pages\/366\/revisions\/1517"}],"wp:attachment":[{"href":"https:\/\/mutuasancristobal.com\/index.php\/wp-json\/wp\/v2\/media?parent=366"}],"curies":[{"name":"wp","href":"https:\/\/api.w.org\/{rel}","templated":true}]}}